{"id":15,"date":"2023-01-14T21:28:45","date_gmt":"2023-01-15T01:28:45","guid":{"rendered":"https:\/\/consultingvincero.com\/?page_id=15"},"modified":"2023-01-31T11:41:07","modified_gmt":"2023-01-31T15:41:07","slug":"about-us","status":"publish","type":"page","link":"https:\/\/consultingvincero.com\/es\/home\/about-us\/","title":{"rendered":"Nosotros"},"content":{"rendered":"<div data-elementor-type=\"wp-page\" data-elementor-id=\"15\" class=\"elementor elementor-15\" data-elementor-post-type=\"page\">\n\t\t\t\t\t\t<section class=\"elementor-section elementor-top-section elementor-element elementor-element-cd4fe09 elementor-section-height-min-height elementor-section-boxed elementor-section-height-default elementor-section-items-middle\" data-id=\"cd4fe09\" data-element_type=\"section\" data-e-type=\"section\" data-settings=\"{&quot;background_background&quot;:&quot;classic&quot;}\">\n\t\t\t\t\t\t<div class=\"elementor-container elementor-column-gap-default\">\n\t\t\t\t\t<div class=\"elementor-column elementor-col-100 elementor-top-column elementor-element elementor-element-65f5e69\" data-id=\"65f5e69\" data-element_type=\"column\" data-e-type=\"column\">\n\t\t\t<div class=\"elementor-widget-wrap elementor-element-populated\">\n\t\t\t\t\t\t<section class=\"elementor-section elementor-inner-section elementor-element elementor-element-ac2484c elementor-section-boxed elementor-section-height-default elementor-section-height-default\" data-id=\"ac2484c\" data-element_type=\"section\" data-e-type=\"section\">\n\t\t\t\t\t\t<div class=\"elementor-container elementor-column-gap-default\">\n\t\t\t\t\t<div class=\"elementor-column elementor-col-50 elementor-inner-column elementor-element elementor-element-26c80c0\" data-id=\"26c80c0\" data-element_type=\"column\" data-e-type=\"column\">\n\t\t\t<div class=\"elementor-widget-wrap elementor-element-populated\">\n\t\t\t\t\t\t<div class=\"elementor-element elementor-element-c223fef elementor-widget elementor-widget-image\" data-id=\"c223fef\" data-element_type=\"widget\" data-e-type=\"widget\" data-widget_type=\"image.default\">\n\t\t\t\t<div class=\"elementor-widget-container\">\n\t\t\t\t\t\t\t\t\t\t\t\t\t\t\t<img fetchpriority=\"high\" decoding=\"async\" width=\"800\" height=\"422\" src=\"https:\/\/consultingvincero.com\/wp-content\/uploads\/2023\/01\/1498583432-1.jpg\" class=\"attachment-large size-large wp-image-111\" alt=\"\" srcset=\"https:\/\/consultingvincero.com\/wp-content\/uploads\/2023\/01\/1498583432-1.jpg 1000w, https:\/\/consultingvincero.com\/wp-content\/uploads\/2023\/01\/1498583432-1-300x158.jpg 300w, https:\/\/consultingvincero.com\/wp-content\/uploads\/2023\/01\/1498583432-1-768x405.jpg 768w\" sizes=\"(max-width: 800px) 100vw, 800px\" \/>\t\t\t\t\t\t\t\t\t\t\t\t\t\t\t<\/div>\n\t\t\t\t<\/div>\n\t\t\t\t\t<\/div>\n\t\t<\/div>\n\t\t\t\t<div class=\"elementor-column elementor-col-50 elementor-inner-column elementor-element elementor-element-3c45724\" data-id=\"3c45724\" data-element_type=\"column\" data-e-type=\"column\">\n\t\t\t<div class=\"elementor-widget-wrap elementor-element-populated\">\n\t\t\t\t\t\t<div class=\"elementor-element elementor-element-7e37f5b elementor-widget elementor-widget-text-editor\" data-id=\"7e37f5b\" data-element_type=\"widget\" data-e-type=\"widget\" data-widget_type=\"text-editor.default\">\n\t\t\t\t<div class=\"elementor-widget-container\">\n\t\t\t\t\t\t\t\t\t<p>Estamos capacitados para implementar un an\u00e1lisis objetivo que nos permita proponer el plan \u00f3ptimo para cada situaci\u00f3n<\/p><p>La responsabilidad y discreci\u00f3n son dos de nuestros valores fundamentales y nos permiten manejar su informaci\u00f3n para fomentar una relaci\u00f3n de confianza<\/p>\t\t\t\t\t\t\t\t<\/div>\n\t\t\t\t<\/div>\n\t\t\t\t\t<\/div>\n\t\t<\/div>\n\t\t\t\t\t<\/div>\n\t\t<\/section>\n\t\t\t\t<div class=\"elementor-element elementor-element-6b19976 elementor-widget elementor-widget-text-editor\" data-id=\"6b19976\" data-element_type=\"widget\" data-e-type=\"widget\" data-widget_type=\"text-editor.default\">\n\t\t\t\t<div class=\"elementor-widget-container\">\n\t\t\t\t\t\t\t\t\t<p>Nuestro valor agregado est\u00e1 orientado a ayudarle a crear su negocio desde el inicio y obtener los resultados financieros deseados<\/p>\t\t\t\t\t\t\t\t<\/div>\n\t\t\t\t<\/div>\n\t\t\t\t\t<\/div>\n\t\t<\/div>\n\t\t\t\t\t<\/div>\n\t\t<\/section>\n\t\t\t\t<\/div>","protected":false},"excerpt":{"rendered":"<p>We are able to objectively analyze and propose the best, most knowledgeable approach for any situation Responsibility and discretion are two of our core values and allow us to securely manage your financial information in order to foster a trusting relationship Our value add is oriented to helping you create your business from scratch and [&hellip;]<\/p>\n","protected":false},"author":1,"featured_media":0,"parent":8,"menu_order":0,"comment_status":"closed","ping_status":"closed","template":"","meta":{"footnotes":""},"class_list":["post-15","page","type-page","status-publish","hentry"],"_links":{"self":[{"href":"https:\/\/consultingvincero.com\/es\/wp-json\/wp\/v2\/pages\/15","targetHints":{"allow":["GET"]}}],"collection":[{"href":"https:\/\/consultingvincero.com\/es\/wp-json\/wp\/v2\/pages"}],"about":[{"href":"https:\/\/consultingvincero.com\/es\/wp-json\/wp\/v2\/types\/page"}],"author":[{"embeddable":true,"href":"https:\/\/consultingvincero.com\/es\/wp-json\/wp\/v2\/users\/1"}],"replies":[{"embeddable":true,"href":"https:\/\/consultingvincero.com\/es\/wp-json\/wp\/v2\/comments?post=15"}],"version-history":[{"count":32,"href":"https:\/\/consultingvincero.com\/es\/wp-json\/wp\/v2\/pages\/15\/revisions"}],"predecessor-version":[{"id":446,"href":"https:\/\/consultingvincero.com\/es\/wp-json\/wp\/v2\/pages\/15\/revisions\/446"}],"up":[{"embeddable":true,"href":"https:\/\/consultingvincero.com\/es\/wp-json\/wp\/v2\/pages\/8"}],"wp:attachment":[{"href":"https:\/\/consultingvincero.com\/es\/wp-json\/wp\/v2\/media?parent=15"}],"curies":[{"name":"wp","href":"https:\/\/api.w.org\/{rel}","templated":true}]}}